{"id":123,"date":"2024-02-13T14:45:54","date_gmt":"2024-02-13T13:45:54","guid":{"rendered":"https:\/\/feelforlifenow.se\/kontakta-oss\/"},"modified":"2025-01-10T15:28:17","modified_gmt":"2025-01-10T14:28:17","slug":"kontakta-mig","status":"publish","type":"page","link":"https:\/\/nwmultiwp.se\/feelforlifenow\/kontakta-mig\/","title":{"rendered":"Kontakta mig"},"content":{"rendered":"\t\t<div data-elementor-type=\"wp-page\" data-elementor-id=\"123\" class=\"elementor elementor-123\" data-elementor-post-type=\"page\">\n\t\t\t\t\t\t<section class=\"elementor-section elementor-top-section elementor-element elementor-element-74a2da62 elementor-section-height-min-height elementor-section-stretched elementor-section-boxed elementor-section-height-default elementor-section-items-middle\" data-id=\"74a2da62\" data-element_type=\"section\" data-e-type=\"section\" data-settings=\"{&quot;background_background&quot;:&quot;classic&quot;,&quot;background_motion_fx_motion_fx_scrolling&quot;:&quot;yes&quot;,&quot;background_motion_fx_scale_effect&quot;:&quot;yes&quot;,&quot;background_motion_fx_scale_speed&quot;:{&quot;unit&quot;:&quot;px&quot;,&quot;size&quot;:&quot;1&quot;,&quot;sizes&quot;:[]},&quot;stretch_section&quot;:&quot;section-stretched&quot;,&quot;background_motion_fx_scale_direction&quot;:&quot;out-in&quot;,&quot;background_motion_fx_scale_range&quot;:{&quot;unit&quot;:&quot;%&quot;,&quot;size&quot;:&quot;&quot;,&quot;sizes&quot;:{&quot;start&quot;:20,&quot;end&quot;:80}},&quot;background_motion_fx_devices&quot;:[&quot;desktop&quot;,&quot;tablet&quot;,&quot;mobile&quot;]}\">\n\t\t\t\t\t\t\t<div class=\"elementor-background-overlay\"><\/div>\n\t\t\t\t\t\t\t<div class=\"elementor-container elementor-column-gap-default\">\n\t\t\t\t\t<div class=\"elementor-column elementor-col-100 elementor-top-column elementor-element elementor-element-662fe36d\" data-id=\"662fe36d\" data-element_type=\"column\" data-e-type=\"column\">\n\t\t\t<div class=\"elementor-widget-wrap elementor-element-populated\">\n\t\t\t\t\t\t<div class=\"elementor-element elementor-element-76d04456 elementor-widget elementor-widget-heading\" data-id=\"76d04456\" data-element_type=\"widget\" data-e-type=\"widget\" data-widget_type=\"heading.default\">\n\t\t\t\t<div class=\"elementor-widget-container\">\n\t\t\t\t\t<h1 class=\"elementor-heading-title elementor-size-default\">Kontakta mig<\/h1>\t\t\t\t<\/div>\n\t\t\t\t<\/div>\n\t\t\t\t<section class=\"elementor-section elementor-inner-section elementor-element elementor-element-70529a0b elementor-section-full_width animated-slow elementor-section-height-default elementor-section-height-default elementor-invisible\" data-id=\"70529a0b\" data-element_type=\"section\" data-e-type=\"section\" data-settings=\"{&quot;animation&quot;:&quot;fadeInUp&quot;}\">\n\t\t\t\t\t\t<div class=\"elementor-container elementor-column-gap-default\">\n\t\t\t\t\t<div class=\"elementor-column elementor-col-33 elementor-inner-column elementor-element elementor-element-41419003\" data-id=\"41419003\" data-element_type=\"column\" data-e-type=\"column\">\n\t\t\t<div class=\"elementor-widget-wrap\">\n\t\t\t\t\t\t\t<\/div>\n\t\t<\/div>\n\t\t\t\t<div class=\"elementor-column elementor-col-33 elementor-inner-column elementor-element elementor-element-24e9a97c\" data-id=\"24e9a97c\" data-element_type=\"column\" data-e-type=\"column\">\n\t\t\t<div class=\"elementor-widget-wrap elementor-element-populated\">\n\t\t\t\t\t\t<div class=\"elementor-element elementor-element-6c720cfb elementor-widget elementor-widget-heading\" data-id=\"6c720cfb\" data-element_type=\"widget\" data-e-type=\"widget\" data-widget_type=\"heading.default\">\n\t\t\t\t<div class=\"elementor-widget-container\">\n\t\t\t\t\t<h4 class=\"elementor-heading-title elementor-size-default\">Kontaktuppgifter<\/h4>\t\t\t\t<\/div>\n\t\t\t\t<\/div>\n\t\t\t\t<div class=\"elementor-element elementor-element-17bdad8d elementor-widget elementor-widget-text-editor\" data-id=\"17bdad8d\" data-element_type=\"widget\" data-e-type=\"widget\" data-widget_type=\"text-editor.default\">\n\t\t\t\t<div class=\"elementor-widget-container\">\n\t\t\t\t\t\t\t\t\t<p><strong>Tel:<\/strong>072-999 39 49<br \/><strong>Adress: <\/strong>J\u00e4rn\u00e5ldersringen 507,\u00a013665,\u00a0S\u00f6derby<br \/><strong>E-post: <\/strong>feelforlifenow@gmail.com<br \/><strong>\u00d6ppettider: <span class=\"basis-[60px]\">M\u00e5n: <\/span><\/strong><span class=\"z-auto flex-1\">08:30 &#8211; 17:00 | <\/span><strong><span class=\"basis-[60px]\">Tis: <\/span><\/strong><span class=\"z-auto flex-1\">09:00 &#8211; 16:00 | <\/span><strong><span class=\"basis-[60px]\">Ons: <\/span><\/strong><span class=\"z-auto flex-1\">08:30 &#8211; 16:00 | <\/span><strong><span class=\"basis-[60px]\">Tor: <\/span><\/strong><span class=\"z-auto flex-1\">09:00 &#8211; 16:00 | <\/span><strong><span class=\"basis-[60px]\">Fre: <\/span><\/strong><span class=\"z-auto flex-1\">09:30 &#8211; 15:00 | <\/span><strong><span class=\"basis-[60px]\">L\u00f6r &#8211; S\u00f6n: <\/span><\/strong><span class=\"z-auto flex-1\">St\u00e4ngd<\/span><\/p>\t\t\t\t\t\t\t\t<\/div>\n\t\t\t\t<\/div>\n\t\t\t\t\t<\/div>\n\t\t<\/div>\n\t\t\t\t<div class=\"elementor-column elementor-col-33 elementor-inner-column elementor-element elementor-element-35b309f\" data-id=\"35b309f\" data-element_type=\"column\" data-e-type=\"column\">\n\t\t\t<div class=\"elementor-widget-wrap\">\n\t\t\t\t\t\t\t<\/div>\n\t\t<\/div>\n\t\t\t\t\t<\/div>\n\t\t<\/section>\n\t\t\t\t\t<\/div>\n\t\t<\/div>\n\t\t\t\t\t<\/div>\n\t\t<\/section>\n\t\t\t\t<section class=\"elementor-section elementor-top-section elementor-element elementor-element-5688b770 elementor-section-height-min-height elementor-section-stretched elementor-section-boxed elementor-section-height-default elementor-section-items-middle\" data-id=\"5688b770\" data-element_type=\"section\" data-e-type=\"section\" data-settings=\"{&quot;stretch_section&quot;:&quot;section-stretched&quot;,&quot;background_background&quot;:&quot;classic&quot;}\">\n\t\t\t\t\t\t<div class=\"elementor-container elementor-column-gap-default\">\n\t\t\t\t\t<div class=\"elementor-column elementor-col-100 elementor-top-column elementor-element elementor-element-5be1e553\" data-id=\"5be1e553\" data-element_type=\"column\" data-e-type=\"column\">\n\t\t\t<div class=\"elementor-widget-wrap elementor-element-populated\">\n\t\t\t\t\t\t<div class=\"elementor-element elementor-element-76b26056 elementor-view-default elementor-widget elementor-widget-icon\" data-id=\"76b26056\" data-element_type=\"widget\" data-e-type=\"widget\" data-widget_type=\"icon.default\">\n\t\t\t\t<div class=\"elementor-widget-container\">\n\t\t\t\t\t\t\t<div class=\"elementor-icon-wrapper\">\n\t\t\t<div class=\"elementor-icon\">\n\t\t\t<svg xmlns=\"http:\/\/www.w3.org\/2000\/svg\" xmlns:xlink=\"http:\/\/www.w3.org\/1999\/xlink\" width=\"43px\" height=\"93px\" viewBox=\"0 0 43 93\"><title>Combined Shape<\/title><desc>Created with Sketch.<\/desc><defs><linearGradient x1=\"53.7525337%\" y1=\"0%\" x2=\"50%\" y2=\"100%\" id=\"linearGradient-1\"><stop stop-color=\"#B7B7B7\" offset=\"0%\"><\/stop><stop stop-color=\"#FFFFFF\" offset=\"100%\"><\/stop><\/linearGradient><\/defs><g id=\"Website-Chosen-Pages\" stroke=\"none\" stroke-width=\"1\" fill=\"none\" fill-rule=\"evenodd\"><g id=\"Home-Page-\" transform=\"translate(-929.000000, -2726.000000)\" stroke=\"url(#linearGradient-1)\" stroke-width=\"2\"><g transform=\"translate(561.000000, 2726.000000)\"><path d=\"M389.5,0 L389.5,93 M369.5,57.3081081 L369.5,93 M399.5,31.6702703 L399.5,93 M409.5,57.3081081 L409.5,93 M379.5,21.6162162 L379.5,93\" id=\"Combined-Shape\"><\/path><\/g><\/g><\/g><\/svg>\t\t\t<\/div>\n\t\t<\/div>\n\t\t\t\t\t\t<\/div>\n\t\t\t\t<\/div>\n\t\t\t\t<div class=\"elementor-element elementor-element-159e8545 elementor-widget elementor-widget-heading\" data-id=\"159e8545\" data-element_type=\"widget\" data-e-type=\"widget\" data-widget_type=\"heading.default\">\n\t\t\t\t<div class=\"elementor-widget-container\">\n\t\t\t\t\t<h2 class=\"elementor-heading-title elementor-size-default\">Jag finns h\u00e4r f\u00f6r att hj\u00e4lpa dig<\/h2>\t\t\t\t<\/div>\n\t\t\t\t<\/div>\n\t\t\t\t<div class=\"elementor-element elementor-element-76b87f8b elementor-button-align-start elementor-mobile-button-align-stretch elementor-widget elementor-widget-form\" data-id=\"76b87f8b\" data-element_type=\"widget\" data-e-type=\"widget\" data-settings=\"{&quot;step_next_label&quot;:&quot;Next&quot;,&quot;step_previous_label&quot;:&quot;Previous&quot;,&quot;step_type&quot;:&quot;number_text&quot;,&quot;step_icon_shape&quot;:&quot;circle&quot;}\" data-widget_type=\"form.default\">\n\t\t\t\t<div class=\"elementor-widget-container\">\n\t\t\t\t\t\t\t<form class=\"elementor-form\" method=\"post\" name=\"Contact Form\" aria-label=\"Contact Form\">\n\t\t\t<input type=\"hidden\" name=\"post_id\" value=\"123\"\/>\n\t\t\t<input type=\"hidden\" name=\"form_id\" value=\"76b87f8b\"\/>\n\t\t\t<input type=\"hidden\" name=\"referer_title\" value=\"Kontakta mig - Feel For Life\" \/>\n\n\t\t\t\t\t\t\t<input type=\"hidden\" name=\"queried_id\" value=\"123\"\/>\n\t\t\t\n\t\t\t<div class=\"elementor-form-fields-wrapper elementor-labels-above\">\n\t\t\t\t\t\t\t\t<div class=\"elementor-field-type-text elementor-field-group elementor-column elementor-field-group-name elementor-col-50\">\n\t\t\t\t\t\t\t\t\t\t\t\t<label for=\"form-field-name\" class=\"elementor-field-label\">\n\t\t\t\t\t\t\t\tNamn\t\t\t\t\t\t\t<\/label>\n\t\t\t\t\t\t\t\t\t\t\t\t\t\t<input size=\"1\" type=\"text\" name=\"form_fields[name]\" id=\"form-field-name\" class=\"elementor-field elementor-size-md  elementor-field-textual\" placeholder=\"Namn\">\n\t\t\t\t\t\t\t\t\t\t\t<\/div>\n\t\t\t\t\t\t\t\t<div class=\"elementor-field-type-text elementor-field-group elementor-column elementor-field-group-field_1 elementor-col-50\">\n\t\t\t\t\t\t\t\t\t\t\t\t<label for=\"form-field-field_1\" class=\"elementor-field-label\">\n\t\t\t\t\t\t\t\tTj\u00e4nst\t\t\t\t\t\t\t<\/label>\n\t\t\t\t\t\t\t\t\t\t\t\t\t\t<input size=\"1\" type=\"text\" name=\"form_fields[field_1]\" id=\"form-field-field_1\" class=\"elementor-field elementor-size-md  elementor-field-textual\" placeholder=\"Tj\u00e4nst\">\n\t\t\t\t\t\t\t\t\t\t\t<\/div>\n\t\t\t\t\t\t\t\t<div class=\"elementor-field-type-email elementor-field-group elementor-column elementor-field-group-email elementor-col-50\">\n\t\t\t\t\t\t\t\t\t\t\t\t<label for=\"form-field-email\" class=\"elementor-field-label\">\n\t\t\t\t\t\t\t\tE-post\t\t\t\t\t\t\t<\/label>\n\t\t\t\t\t\t\t\t\t\t\t\t\t\t<input size=\"1\" type=\"email\" name=\"form_fields[email]\" id=\"form-field-email\" class=\"elementor-field elementor-size-md  elementor-field-textual\" placeholder=\"E-post\">\n\t\t\t\t\t\t\t\t\t\t\t<\/div>\n\t\t\t\t\t\t\t\t<div class=\"elementor-field-type-tel elementor-field-group elementor-column elementor-field-group-field_2 elementor-col-50\">\n\t\t\t\t\t\t\t\t\t\t\t\t<label for=\"form-field-field_2\" class=\"elementor-field-label\">\n\t\t\t\t\t\t\t\tTel\t\t\t\t\t\t\t<\/label>\n\t\t\t\t\t\t\t\t<input size=\"1\" type=\"tel\" name=\"form_fields[field_2]\" id=\"form-field-field_2\" class=\"elementor-field elementor-size-md  elementor-field-textual\" placeholder=\"Tel\" pattern=\"[0-9()#&amp;+*-=.]+\" title=\"Endast siffror och telefontecken (#, -, *, etc) accepteras.\">\n\n\t\t\t\t\t\t<\/div>\n\t\t\t\t\t\t\t\t<div class=\"elementor-field-type-textarea elementor-field-group elementor-column elementor-field-group-message elementor-col-100\">\n\t\t\t\t\t\t\t\t\t\t\t\t<label for=\"form-field-message\" class=\"elementor-field-label\">\n\t\t\t\t\t\t\t\tMeddelande\t\t\t\t\t\t\t<\/label>\n\t\t\t\t\t\t<textarea class=\"elementor-field-textual elementor-field  elementor-size-md\" name=\"form_fields[message]\" id=\"form-field-message\" rows=\"4\" placeholder=\"Meddelande\"><\/textarea>\t\t\t\t<\/div>\n\t\t\t\t\t\t\t\t<div class=\"elementor-field-type-recaptcha_v3 elementor-field-group elementor-column elementor-field-group-field_2499c41 elementor-col-100 recaptcha_v3-inline\">\n\t\t\t\t\t<div class=\"elementor-field\" id=\"form-field-field_2499c41\"><div class=\"elementor-g-recaptcha\" data-sitekey=\"6Le7gHIpAAAAADlr_WDeTUr54AJjGqHjcLMA6TN3\" data-type=\"v3\" data-action=\"Form\" data-badge=\"inline\" data-size=\"invisible\"><\/div><\/div>\t\t\t\t<\/div>\n\t\t\t\t\t\t\t\t<div class=\"elementor-field-group elementor-column elementor-field-type-submit elementor-col-100 e-form__buttons\">\n\t\t\t\t\t<button class=\"elementor-button elementor-size-md elementor-animation-grow\" type=\"submit\">\n\t\t\t\t\t\t<span class=\"elementor-button-content-wrapper\">\n\t\t\t\t\t\t\t\t\t\t\t\t\t\t\t\t\t\t\t\t\t\t<span class=\"elementor-button-text\">skicka<\/span>\n\t\t\t\t\t\t\t\t\t\t\t\t\t<\/span>\n\t\t\t\t\t<\/button>\n\t\t\t\t<\/div>\n\t\t\t<\/div>\n\t\t<\/form>\n\t\t\t\t\t\t<\/div>\n\t\t\t\t<\/div>\n\t\t\t\t\t<\/div>\n\t\t<\/div>\n\t\t\t\t\t<\/div>\n\t\t<\/section>\n\t\t\t\t<\/div>\n\t\t","protected":false},"excerpt":{"rendered":"<p>Kontakta mig Kontaktuppgifter Tel:072-999 39 49Adress: J\u00e4rn\u00e5ldersringen 507,\u00a013665,\u00a0S\u00f6derbyE-post: feelforlifenow@gmail.com\u00d6ppettider: M\u00e5n: 08:30 &#8211; 17:00 | Tis: 09:00 &#8211; 16:00 | Ons: 08:30 &#8211; 16:00 | Tor: 09:00 &#8211; 16:00 | Fre: 09:30 &#8211; 15:00 | L\u00f6r &#8211; S\u00f6n: St\u00e4ngd Combined ShapeCreated with Sketch. Jag finns h\u00e4r f\u00f6r att hj\u00e4lpa dig<\/p>\n","protected":false},"author":1,"featured_media":0,"parent":0,"menu_order":0,"comment_status":"closed","ping_status":"closed","template":"elementor_header_footer","meta":{"footnotes":""},"class_list":["post-123","page","type-page","status-publish","hentry"],"yoast_head":"<!-- This site is optimized with the Yoast SEO plugin v27.2 - https:\/\/yoast.com\/product\/yoast-seo-wordpress\/ -->\n<title>Kontakta mig - Feel For Life<\/title>\n<meta name=\"robots\" content=\"index, follow, max-snippet:-1, max-image-preview:large, max-video-preview:-1\" \/>\n<link rel=\"canonical\" href=\"https:\/\/nwmultiwp.se\/feelforlifenow\/kontakta-mig\/\" \/>\n<meta property=\"og:locale\" content=\"sv_SE\" \/>\n<meta property=\"og:type\" content=\"article\" \/>\n<meta property=\"og:title\" content=\"Kontakta mig - Feel For Life\" \/>\n<meta property=\"og:description\" content=\"Kontakta mig Kontaktuppgifter Tel:072-999 39 49Adress: J\u00e4rn\u00e5ldersringen 507,\u00a013665,\u00a0S\u00f6derbyE-post: feelforlifenow@gmail.com\u00d6ppettider: M\u00e5n: 08:30 &#8211; 17:00 | Tis: 09:00 &#8211; 16:00 | Ons: 08:30 &#8211; 16:00 | Tor: 09:00 &#8211; 16:00 | Fre: 09:30 &#8211; 15:00 | L\u00f6r &#8211; S\u00f6n: St\u00e4ngd Combined ShapeCreated with Sketch. Jag finns h\u00e4r f\u00f6r att hj\u00e4lpa dig\" \/>\n<meta property=\"og:url\" content=\"https:\/\/nwmultiwp.se\/feelforlifenow\/kontakta-mig\/\" \/>\n<meta property=\"og:site_name\" content=\"Feel For Life\" \/>\n<meta property=\"article:modified_time\" content=\"2025-01-10T14:28:17+00:00\" \/>\n<meta name=\"twitter:card\" content=\"summary_large_image\" \/>\n<meta name=\"twitter:label1\" content=\"Ber\u00e4knad l\u00e4stid\" \/>\n\t<meta name=\"twitter:data1\" content=\"1 minut\" \/>\n<script type=\"application\/ld+json\" class=\"yoast-schema-graph\">{\"@context\":\"https:\/\/schema.org\",\"@graph\":[{\"@type\":\"WebPage\",\"@id\":\"https:\/\/nwmultiwp.se\/feelforlifenow\/kontakta-mig\/\",\"url\":\"https:\/\/nwmultiwp.se\/feelforlifenow\/kontakta-mig\/\",\"name\":\"Kontakta mig - Feel For Life\",\"isPartOf\":{\"@id\":\"https:\/\/nwmultiwp.se\/feelforlifenow\/#website\"},\"datePublished\":\"2024-02-13T13:45:54+00:00\",\"dateModified\":\"2025-01-10T14:28:17+00:00\",\"breadcrumb\":{\"@id\":\"https:\/\/nwmultiwp.se\/feelforlifenow\/kontakta-mig\/#breadcrumb\"},\"inLanguage\":\"sv-SE\",\"potentialAction\":[{\"@type\":\"ReadAction\",\"target\":[\"https:\/\/nwmultiwp.se\/feelforlifenow\/kontakta-mig\/\"]}]},{\"@type\":\"BreadcrumbList\",\"@id\":\"https:\/\/nwmultiwp.se\/feelforlifenow\/kontakta-mig\/#breadcrumb\",\"itemListElement\":[{\"@type\":\"ListItem\",\"position\":1,\"name\":\"Hem\",\"item\":\"https:\/\/nwmultiwp.se\/feelforlifenow\/\"},{\"@type\":\"ListItem\",\"position\":2,\"name\":\"Kontakta mig\"}]},{\"@type\":\"WebSite\",\"@id\":\"https:\/\/nwmultiwp.se\/feelforlifenow\/#website\",\"url\":\"https:\/\/nwmultiwp.se\/feelforlifenow\/\",\"name\":\"Feel For Life\",\"description\":\"Coaching, Healing, EFT-Tapping, Chakrabalansering, Djurkommunikation Eker\u00f6, Solna, Sundbyberg, Sollentuna, T\u00e4by, Danderyd, Liding\u00f6, Eskilstuna, V\u00e4ster\u00e5s, Str\u00e4ngn\u00e4s, Nyk\u00f6ping, Katrineholm\",\"publisher\":{\"@id\":\"https:\/\/nwmultiwp.se\/feelforlifenow\/#organization\"},\"potentialAction\":[{\"@type\":\"SearchAction\",\"target\":{\"@type\":\"EntryPoint\",\"urlTemplate\":\"https:\/\/nwmultiwp.se\/feelforlifenow\/?s={search_term_string}\"},\"query-input\":{\"@type\":\"PropertyValueSpecification\",\"valueRequired\":true,\"valueName\":\"search_term_string\"}}],\"inLanguage\":\"sv-SE\"},{\"@type\":\"Organization\",\"@id\":\"https:\/\/nwmultiwp.se\/feelforlifenow\/#organization\",\"name\":\"Feel For Life\",\"url\":\"https:\/\/nwmultiwp.se\/feelforlifenow\/\",\"logo\":{\"@type\":\"ImageObject\",\"inLanguage\":\"sv-SE\",\"@id\":\"https:\/\/nwmultiwp.se\/feelforlifenow\/#\/schema\/logo\/image\/\",\"url\":\"https:\/\/nwmultiwp.se\/feelforlifenow\/wp-content\/uploads\/sites\/109\/2023\/10\/Skarmavbild-2023-10-17-kl.-14.27.32.jpg\",\"contentUrl\":\"https:\/\/nwmultiwp.se\/feelforlifenow\/wp-content\/uploads\/sites\/109\/2023\/10\/Skarmavbild-2023-10-17-kl.-14.27.32.jpg\",\"width\":527,\"height\":527,\"caption\":\"Feel For Life\"},\"image\":{\"@id\":\"https:\/\/nwmultiwp.se\/feelforlifenow\/#\/schema\/logo\/image\/\"}}]}<\/script>\n<!-- \/ Yoast SEO plugin. -->","yoast_head_json":{"title":"Kontakta mig - Feel For Life","robots":{"index":"index","follow":"follow","max-snippet":"max-snippet:-1","max-image-preview":"max-image-preview:large","max-video-preview":"max-video-preview:-1"},"canonical":"https:\/\/nwmultiwp.se\/feelforlifenow\/kontakta-mig\/","og_locale":"sv_SE","og_type":"article","og_title":"Kontakta mig - Feel For Life","og_description":"Kontakta mig Kontaktuppgifter Tel:072-999 39 49Adress: J\u00e4rn\u00e5ldersringen 507,\u00a013665,\u00a0S\u00f6derbyE-post: feelforlifenow@gmail.com\u00d6ppettider: M\u00e5n: 08:30 &#8211; 17:00 | Tis: 09:00 &#8211; 16:00 | Ons: 08:30 &#8211; 16:00 | Tor: 09:00 &#8211; 16:00 | Fre: 09:30 &#8211; 15:00 | L\u00f6r &#8211; S\u00f6n: St\u00e4ngd Combined ShapeCreated with Sketch. Jag finns h\u00e4r f\u00f6r att hj\u00e4lpa dig","og_url":"https:\/\/nwmultiwp.se\/feelforlifenow\/kontakta-mig\/","og_site_name":"Feel For Life","article_modified_time":"2025-01-10T14:28:17+00:00","twitter_card":"summary_large_image","twitter_misc":{"Ber\u00e4knad l\u00e4stid":"1 minut"},"schema":{"@context":"https:\/\/schema.org","@graph":[{"@type":"WebPage","@id":"https:\/\/nwmultiwp.se\/feelforlifenow\/kontakta-mig\/","url":"https:\/\/nwmultiwp.se\/feelforlifenow\/kontakta-mig\/","name":"Kontakta mig - Feel For Life","isPartOf":{"@id":"https:\/\/nwmultiwp.se\/feelforlifenow\/#website"},"datePublished":"2024-02-13T13:45:54+00:00","dateModified":"2025-01-10T14:28:17+00:00","breadcrumb":{"@id":"https:\/\/nwmultiwp.se\/feelforlifenow\/kontakta-mig\/#breadcrumb"},"inLanguage":"sv-SE","potentialAction":[{"@type":"ReadAction","target":["https:\/\/nwmultiwp.se\/feelforlifenow\/kontakta-mig\/"]}]},{"@type":"BreadcrumbList","@id":"https:\/\/nwmultiwp.se\/feelforlifenow\/kontakta-mig\/#breadcrumb","itemListElement":[{"@type":"ListItem","position":1,"name":"Hem","item":"https:\/\/nwmultiwp.se\/feelforlifenow\/"},{"@type":"ListItem","position":2,"name":"Kontakta mig"}]},{"@type":"WebSite","@id":"https:\/\/nwmultiwp.se\/feelforlifenow\/#website","url":"https:\/\/nwmultiwp.se\/feelforlifenow\/","name":"Feel For Life","description":"Coaching, Healing, EFT-Tapping, Chakrabalansering, Djurkommunikation Eker\u00f6, Solna, Sundbyberg, Sollentuna, T\u00e4by, Danderyd, Liding\u00f6, Eskilstuna, V\u00e4ster\u00e5s, Str\u00e4ngn\u00e4s, Nyk\u00f6ping, Katrineholm","publisher":{"@id":"https:\/\/nwmultiwp.se\/feelforlifenow\/#organization"},"potentialAction":[{"@type":"SearchAction","target":{"@type":"EntryPoint","urlTemplate":"https:\/\/nwmultiwp.se\/feelforlifenow\/?s={search_term_string}"},"query-input":{"@type":"PropertyValueSpecification","valueRequired":true,"valueName":"search_term_string"}}],"inLanguage":"sv-SE"},{"@type":"Organization","@id":"https:\/\/nwmultiwp.se\/feelforlifenow\/#organization","name":"Feel For Life","url":"https:\/\/nwmultiwp.se\/feelforlifenow\/","logo":{"@type":"ImageObject","inLanguage":"sv-SE","@id":"https:\/\/nwmultiwp.se\/feelforlifenow\/#\/schema\/logo\/image\/","url":"https:\/\/nwmultiwp.se\/feelforlifenow\/wp-content\/uploads\/sites\/109\/2023\/10\/Skarmavbild-2023-10-17-kl.-14.27.32.jpg","contentUrl":"https:\/\/nwmultiwp.se\/feelforlifenow\/wp-content\/uploads\/sites\/109\/2023\/10\/Skarmavbild-2023-10-17-kl.-14.27.32.jpg","width":527,"height":527,"caption":"Feel For Life"},"image":{"@id":"https:\/\/nwmultiwp.se\/feelforlifenow\/#\/schema\/logo\/image\/"}}]}},"_links":{"self":[{"href":"https:\/\/nwmultiwp.se\/feelforlifenow\/wp-json\/wp\/v2\/pages\/123","targetHints":{"allow":["GET"]}}],"collection":[{"href":"https:\/\/nwmultiwp.se\/feelforlifenow\/wp-json\/wp\/v2\/pages"}],"about":[{"href":"https:\/\/nwmultiwp.se\/feelforlifenow\/wp-json\/wp\/v2\/types\/page"}],"author":[{"embeddable":true,"href":"https:\/\/nwmultiwp.se\/feelforlifenow\/wp-json\/wp\/v2\/users\/1"}],"replies":[{"embeddable":true,"href":"https:\/\/nwmultiwp.se\/feelforlifenow\/wp-json\/wp\/v2\/comments?post=123"}],"version-history":[{"count":17,"href":"https:\/\/nwmultiwp.se\/feelforlifenow\/wp-json\/wp\/v2\/pages\/123\/revisions"}],"predecessor-version":[{"id":260,"href":"https:\/\/nwmultiwp.se\/feelforlifenow\/wp-json\/wp\/v2\/pages\/123\/revisions\/260"}],"wp:attachment":[{"href":"https:\/\/nwmultiwp.se\/feelforlifenow\/wp-json\/wp\/v2\/media?parent=123"}],"curies":[{"name":"wp","href":"https:\/\/api.w.org\/{rel}","templated":true}]}}