{"id":101,"date":"2024-02-13T14:45:46","date_gmt":"2024-02-13T13:45:46","guid":{"rendered":"https:\/\/feelforlifenow.se\/om-oss\/"},"modified":"2025-01-10T15:25:56","modified_gmt":"2025-01-10T14:25:56","slug":"om-mig","status":"publish","type":"page","link":"https:\/\/nwmultiwp.se\/feelforlifenow\/om-mig\/","title":{"rendered":"Om mig"},"content":{"rendered":"\t\t<div data-elementor-type=\"wp-page\" data-elementor-id=\"101\" class=\"elementor elementor-101\" data-elementor-post-type=\"page\">\n\t\t\t\t\t\t<section class=\"elementor-section elementor-top-section elementor-element elementor-element-2d2b1cc5 elementor-section-full_width elementor-section-height-min-height elementor-section-stretched elementor-section-height-default elementor-section-items-middle\" data-id=\"2d2b1cc5\" data-element_type=\"section\" data-e-type=\"section\" data-settings=\"{&quot;background_background&quot;:&quot;classic&quot;,&quot;stretch_section&quot;:&quot;section-stretched&quot;}\">\n\t\t\t\t\t\t\t<div class=\"elementor-background-overlay\"><\/div>\n\t\t\t\t\t\t\t<div class=\"elementor-container elementor-column-gap-default\">\n\t\t\t\t\t<div class=\"elementor-column elementor-col-100 elementor-top-column elementor-element elementor-element-23429de2\" data-id=\"23429de2\" data-element_type=\"column\" data-e-type=\"column\">\n\t\t\t<div class=\"elementor-widget-wrap elementor-element-populated\">\n\t\t\t\t\t\t<div class=\"elementor-element elementor-element-3ee49ba9 elementor-widget elementor-widget-heading\" data-id=\"3ee49ba9\" data-element_type=\"widget\" data-e-type=\"widget\" data-widget_type=\"heading.default\">\n\t\t\t\t<div class=\"elementor-widget-container\">\n\t\t\t\t\t<h1 class=\"elementor-heading-title elementor-size-default\">OM MIG<\/h1>\t\t\t\t<\/div>\n\t\t\t\t<\/div>\n\t\t\t\t\t<\/div>\n\t\t<\/div>\n\t\t\t\t\t<\/div>\n\t\t<\/section>\n\t\t\t\t<section class=\"elementor-section elementor-top-section elementor-element elementor-element-2c9207d4 elementor-section-full_width elementor-section-height-default elementor-section-height-default\" data-id=\"2c9207d4\" data-element_type=\"section\" data-e-type=\"section\" data-settings=\"{&quot;background_background&quot;:&quot;classic&quot;}\">\n\t\t\t\t\t\t<div class=\"elementor-container elementor-column-gap-default\">\n\t\t\t\t\t<div class=\"elementor-column elementor-col-100 elementor-top-column elementor-element elementor-element-50ae5ad0\" data-id=\"50ae5ad0\" data-element_type=\"column\" data-e-type=\"column\">\n\t\t\t<div class=\"elementor-widget-wrap elementor-element-populated\">\n\t\t\t\t\t\t<div class=\"elementor-element elementor-element-3cb4ef8c elementor-view-default elementor-invisible elementor-widget elementor-widget-icon\" data-id=\"3cb4ef8c\" data-element_type=\"widget\" data-e-type=\"widget\" data-settings=\"{&quot;_animation&quot;:&quot;fadeInDown&quot;}\" data-widget_type=\"icon.default\">\n\t\t\t\t<div class=\"elementor-widget-container\">\n\t\t\t\t\t\t\t<div class=\"elementor-icon-wrapper\">\n\t\t\t<a class=\"elementor-icon\" href=\"#history\">\n\t\t\t<svg xmlns=\"http:\/\/www.w3.org\/2000\/svg\" id=\"f091b371-0a0c-4a7a-b831-d1a750619811\" data-name=\"Layer 1\" viewBox=\"0 0 24.9999 32\"><title>scroll-down-icon<\/title><g id=\"a2db11b3-5623-466b-a28d-fa1595a1ff7d\" data-name=\"Home-Page-\"><g id=\"a060ad71-be4b-4462-8469-bf6bb42ed1bf\" data-name=\"Hero\"><path d=\"M24.8505,18.7959a.5.5,0,0,0-.707.0059L12.871,30.2773V.5a.5.5,0,0,0-1,0V30.2588L.86,18.8057A.5.5,0,1,0,.14,19.499L12.0087,31.8447l.0078.0078.001.001a.5057.5057,0,0,0,.1274.0928h.001l.001.001.0015.0009a.3267.3267,0,0,0,.0415.0176A.5029.5029,0,0,0,12.3573,32h.0288a.4941.4941,0,0,0,.1783-.0391l.02-.0078v-.001h.002l.0014-.0009a.4835.4835,0,0,0,.1358-.0967h0l.0054-.0059L24.8564,19.5029A.5.5,0,0,0,24.8505,18.7959Z\"><\/path><\/g><\/g><\/svg>\t\t\t<\/a>\n\t\t<\/div>\n\t\t\t\t\t\t<\/div>\n\t\t\t\t<\/div>\n\t\t\t\t\t<\/div>\n\t\t<\/div>\n\t\t\t\t\t<\/div>\n\t\t<\/section>\n\t\t\t\t<section class=\"elementor-section elementor-top-section elementor-element elementor-element-7bddeabf elementor-section-full_width elementor-section-stretched elementor-section-height-default elementor-section-height-default\" data-id=\"7bddeabf\" data-element_type=\"section\" data-e-type=\"section\" id=\"history\" data-settings=\"{&quot;stretch_section&quot;:&quot;section-stretched&quot;,&quot;background_background&quot;:&quot;classic&quot;}\">\n\t\t\t\t\t\t<div class=\"elementor-container elementor-column-gap-default\">\n\t\t\t\t\t<div class=\"elementor-column elementor-col-33 elementor-top-column elementor-element elementor-element-472844a6\" data-id=\"472844a6\" data-element_type=\"column\" data-e-type=\"column\">\n\t\t\t<div class=\"elementor-widget-wrap elementor-element-populated\">\n\t\t\t\t\t\t<div class=\"elementor-element elementor-element-289bfca4 elementor-widget elementor-widget-heading\" data-id=\"289bfca4\" data-element_type=\"widget\" data-e-type=\"widget\" data-widget_type=\"heading.default\">\n\t\t\t\t<div class=\"elementor-widget-container\">\n\t\t\t\t\t<h2 class=\"elementor-heading-title elementor-size-default\">Min ber\u00e4ttelse<\/h2>\t\t\t\t<\/div>\n\t\t\t\t<\/div>\n\t\t\t\t<div class=\"elementor-element elementor-element-2fada376 elementor-widget elementor-widget-text-editor\" data-id=\"2fada376\" data-element_type=\"widget\" data-e-type=\"widget\" data-widget_type=\"text-editor.default\">\n\t\t\t\t<div class=\"elementor-widget-container\">\n\t\t\t\t\t\t\t\t\t<p class=\"p1\">Feel for Life b\u00f6rjade med min passion f\u00f6r att hj\u00e4lpa andra att hitta inre balans och v\u00e4lm\u00e5ende. Jag tror att varje individ b\u00e4r p\u00e5 en unik och v\u00e4rdefull ber\u00e4ttelse, och mitt m\u00e5l \u00e4r att skapa en trygg plats d\u00e4r personlig utveckling och h\u00e4lsa st\u00e5r i fokus. Fr\u00e5n de f\u00f6rsta stegen till d\u00e4r jag \u00e4r idag har empati, f\u00f6rst\u00e5else och en djup vilja att guida m\u00e4nniskor pr\u00e4glat min resa. Jag finns h\u00e4r f\u00f6r att st\u00f6tta dig p\u00e5 din v\u00e4g mot inre harmoni och ett liv fyllt av balans och sj\u00e4lvinsikt.<\/p>\t\t\t\t\t\t\t\t<\/div>\n\t\t\t\t<\/div>\n\t\t\t\t\t<\/div>\n\t\t<\/div>\n\t\t\t\t<div class=\"elementor-column elementor-col-33 elementor-top-column elementor-element elementor-element-4dfeb1fb\" data-id=\"4dfeb1fb\" data-element_type=\"column\" data-e-type=\"column\">\n\t\t\t<div class=\"elementor-widget-wrap elementor-element-populated\">\n\t\t\t\t\t\t<div class=\"elementor-element elementor-element-31cf4b3d elementor-widget elementor-widget-heading\" data-id=\"31cf4b3d\" data-element_type=\"widget\" data-e-type=\"widget\" data-widget_type=\"heading.default\">\n\t\t\t\t<div class=\"elementor-widget-container\">\n\t\t\t\t\t<h2 class=\"elementor-heading-title elementor-size-default\">Min Filosofi <\/h2>\t\t\t\t<\/div>\n\t\t\t\t<\/div>\n\t\t\t\t<div class=\"elementor-element elementor-element-180e12b elementor-widget elementor-widget-text-editor\" data-id=\"180e12b\" data-element_type=\"widget\" data-e-type=\"widget\" data-widget_type=\"text-editor.default\">\n\t\t\t\t<div class=\"elementor-widget-container\">\n\t\t\t\t\t\t\t\t\t<p class=\"p1\">Att varje m\u00e4nniska f\u00f6rtj\u00e4nar att uppt\u00e4cka sin fulla potential och leva ett liv i balans. Med kompetens inom coaching, EFT-tapping, Emotion Code healing, yoga, chakrabalansering och djurkommunikation str\u00e4var jag efter att skapa en st\u00f6djande milj\u00f6 d\u00e4r din och ditt djurs personliga tillv\u00e4xt kan blomstra. Tillsammans omfamnar vi en holistisk syn p\u00e5 v\u00e4lbefinnande och tror p\u00e5 kraften av att skapa meningsfulla f\u00f6r\u00e4ndringar i ditt och ditt djurs liv.<\/p>\t\t\t\t\t\t\t\t<\/div>\n\t\t\t\t<\/div>\n\t\t\t\t\t<\/div>\n\t\t<\/div>\n\t\t\t\t<div class=\"elementor-column elementor-col-33 elementor-top-column elementor-element elementor-element-2ae80da0\" data-id=\"2ae80da0\" data-element_type=\"column\" data-e-type=\"column\">\n\t\t\t<div class=\"elementor-widget-wrap elementor-element-populated\">\n\t\t\t\t\t\t<div class=\"elementor-element elementor-element-4e50a162 elementor-widget elementor-widget-heading\" data-id=\"4e50a162\" data-element_type=\"widget\" data-e-type=\"widget\" data-widget_type=\"heading.default\">\n\t\t\t\t<div class=\"elementor-widget-container\">\n\t\t\t\t\t<h2 class=\"elementor-heading-title elementor-size-default\">Mitt \u00c5tagande<\/h2>\t\t\t\t<\/div>\n\t\t\t\t<\/div>\n\t\t\t\t<div class=\"elementor-element elementor-element-25e9455 elementor-widget elementor-widget-text-editor\" data-id=\"25e9455\" data-element_type=\"widget\" data-e-type=\"widget\" data-widget_type=\"text-editor.default\">\n\t\t\t\t<div class=\"elementor-widget-container\">\n\t\t\t\t\t\t\t\t\t<p class=\"p1\">P\u00e5 Feel for Life \u00e4r mitt \u00e5tagande en stark grundpelare i allt jag g\u00f6r. Jag f\u00f6rpliktar mig att vara din p\u00e5litliga guide p\u00e5 v\u00e4gen till ditt och ditt djurs v\u00e4lbefinnande. Genom att erbjuda skr\u00e4ddarsydd coaching, EFT-tapping, Emotion Code healing, yoga, chakrabalansering och djurkommunikation str\u00e4var jag efter att skapa varaktiga f\u00f6r\u00e4ndringar i ditt och ditt djurs liv. Mitt engagemang g\u00e5r bortom sessionerna; det handlar om att skapa en meningsfull och varaktig p\u00e5verkan p\u00e5 din och ditt djurs personliga utveckling.<\/p>\t\t\t\t\t\t\t\t<\/div>\n\t\t\t\t<\/div>\n\t\t\t\t\t<\/div>\n\t\t<\/div>\n\t\t\t\t\t<\/div>\n\t\t<\/section>\n\t\t\t\t<section class=\"elementor-section elementor-top-section elementor-element elementor-element-24eaf600 elementor-section-full_width elementor-section-items-stretch elementor-section-height-min-height elementor-section-stretched elementor-section-height-default\" data-id=\"24eaf600\" data-element_type=\"section\" data-e-type=\"section\" data-settings=\"{&quot;background_background&quot;:&quot;classic&quot;,&quot;stretch_section&quot;:&quot;section-stretched&quot;}\">\n\t\t\t\t\t\t<div class=\"elementor-container elementor-column-gap-default\">\n\t\t\t\t\t<div class=\"elementor-column elementor-col-100 elementor-top-column elementor-element elementor-element-3b889274\" data-id=\"3b889274\" data-element_type=\"column\" data-e-type=\"column\">\n\t\t\t<div class=\"elementor-widget-wrap elementor-element-populated\">\n\t\t\t\t\t\t<div class=\"elementor-element elementor-element-605bab90 elementor-widget elementor-widget-spacer\" data-id=\"605bab90\" data-element_type=\"widget\" data-e-type=\"widget\" data-widget_type=\"spacer.default\">\n\t\t\t\t<div class=\"elementor-widget-container\">\n\t\t\t\t\t\t\t<div class=\"elementor-spacer\">\n\t\t\t<div class=\"elementor-spacer-inner\"><\/div>\n\t\t<\/div>\n\t\t\t\t\t\t<\/div>\n\t\t\t\t<\/div>\n\t\t\t\t\t<\/div>\n\t\t<\/div>\n\t\t\t\t\t<\/div>\n\t\t<\/section>\n\t\t\t\t<section class=\"elementor-section elementor-top-section elementor-element elementor-element-b9d67b elementor-section-height-min-height elementor-section-stretched elementor-section-boxed elementor-section-height-default elementor-section-items-middle\" data-id=\"b9d67b\" data-element_type=\"section\" data-e-type=\"section\" data-settings=\"{&quot;stretch_section&quot;:&quot;section-stretched&quot;,&quot;background_background&quot;:&quot;classic&quot;}\">\n\t\t\t\t\t\t<div class=\"elementor-container elementor-column-gap-default\">\n\t\t\t\t\t<div class=\"elementor-column elementor-col-100 elementor-top-column elementor-element elementor-element-2d756cc9\" data-id=\"2d756cc9\" data-element_type=\"column\" data-e-type=\"column\">\n\t\t\t<div class=\"elementor-widget-wrap elementor-element-populated\">\n\t\t\t\t\t\t<section class=\"elementor-section elementor-inner-section elementor-element elementor-element-66cb8afe elementor-section-boxed elementor-section-height-default elementor-section-height-default\" data-id=\"66cb8afe\" data-element_type=\"section\" data-e-type=\"section\">\n\t\t\t\t\t\t<div class=\"elementor-container elementor-column-gap-default\">\n\t\t\t\t\t<div class=\"elementor-column elementor-col-100 elementor-inner-column elementor-element elementor-element-5d562842\" data-id=\"5d562842\" data-element_type=\"column\" data-e-type=\"column\">\n\t\t\t<div class=\"elementor-widget-wrap elementor-element-populated\">\n\t\t\t\t\t\t<div class=\"elementor-element elementor-element-50e37a70 elementor-position-top elementor-widget elementor-widget-image-box\" data-id=\"50e37a70\" data-element_type=\"widget\" data-e-type=\"widget\" data-widget_type=\"image-box.default\">\n\t\t\t\t<div class=\"elementor-widget-container\">\n\t\t\t\t\t<div class=\"elementor-image-box-wrapper\"><figure class=\"elementor-image-box-img\"><img fetchpriority=\"high\" decoding=\"async\" width=\"527\" height=\"527\" src=\"https:\/\/nwmultiwp.se\/feelforlifenow\/wp-content\/uploads\/sites\/109\/2023\/10\/Skarmavbild-2023-10-17-kl.-14.27.32.jpg\" class=\"attachment-full size-full wp-image-30\" alt=\"\" srcset=\"https:\/\/nwmultiwp.se\/feelforlifenow\/wp-content\/uploads\/sites\/109\/2023\/10\/Skarmavbild-2023-10-17-kl.-14.27.32.jpg 527w, https:\/\/nwmultiwp.se\/feelforlifenow\/wp-content\/uploads\/sites\/109\/2023\/10\/Skarmavbild-2023-10-17-kl.-14.27.32-300x300.jpg 300w, https:\/\/nwmultiwp.se\/feelforlifenow\/wp-content\/uploads\/sites\/109\/2023\/10\/Skarmavbild-2023-10-17-kl.-14.27.32-150x150.jpg 150w\" sizes=\"(max-width: 527px) 100vw, 527px\" \/><\/figure><div class=\"elementor-image-box-content\"><h3 class=\"elementor-image-box-title\">Jessica<\/h3><p class=\"elementor-image-box-description\">V\u00e4lkommen till Feel for Life, d\u00e4r jag \u00e4r dedikerad till att vara din guide p\u00e5 den transformative resan mot ditt Sanna Jag och \u00f6vergripande v\u00e4lm\u00e5ende. Genom en m\u00e5ngfald av verktyg, inklusive coaching, EFT-tapping, chakrabalansering och djurkommunikation, skapar vi en skr\u00e4ddarsydd v\u00e4g f\u00f6r din personliga tillv\u00e4xt och inre harmoni.\n<br><br>\nCoachingen ger dig verktyg att utforska och f\u00f6rst\u00e5 dina inre potentialer, medan EFT-tapping hj\u00e4lper till att frig\u00f6ra blockeringar och fr\u00e4mja emotionell balans. Chakrabalansering fokuserar p\u00e5 att harmonisera dina energicentra f\u00f6r en helhetssyn p\u00e5 v\u00e4lbefinnande. Dessutom \u00f6ppnar vi upp f\u00f6r djurkommunikation f\u00f6r att fr\u00e4mja en djupare f\u00f6rst\u00e5else och koppling med v\u00e5ra fyrbenta v\u00e4nner.\n<br><br>\nMin passion \u00e4r att st\u00f6dja dig genom varje steg av din resa, skapa en trygg och st\u00f6djande milj\u00f6 d\u00e4r du kan utforska, l\u00e4ra och v\u00e4xa. \u00c4r du redo att ta det f\u00f6rsta steget mot ditt Sanna Jag? Tillsammans skapar vi en meningsfull resa mot ett liv som inte bara existerar, utan blomstrar i inre balans och sj\u00e4lvinsikt. l\u00e5t oss b\u00f6rja denna berikande resa tillsammans.<\/p><\/div><\/div>\t\t\t\t<\/div>\n\t\t\t\t<\/div>\n\t\t\t\t\t<\/div>\n\t\t<\/div>\n\t\t\t\t\t<\/div>\n\t\t<\/section>\n\t\t\t\t\t<\/div>\n\t\t<\/div>\n\t\t\t\t\t<\/div>\n\t\t<\/section>\n\t\t\t\t<\/div>\n\t\t","protected":false},"excerpt":{"rendered":"<p>OM MIG scroll-down-icon Min ber\u00e4ttelse Feel for Life b\u00f6rjade med min passion f\u00f6r att hj\u00e4lpa andra att hitta inre balans och v\u00e4lm\u00e5ende. Jag tror att varje individ b\u00e4r p\u00e5 en unik och v\u00e4rdefull ber\u00e4ttelse, och mitt m\u00e5l \u00e4r att skapa en trygg plats d\u00e4r personlig utveckling och h\u00e4lsa st\u00e5r i fokus. Fr\u00e5n de f\u00f6rsta stegen [&hellip;]<\/p>\n","protected":false},"author":1,"featured_media":0,"parent":0,"menu_order":0,"comment_status":"closed","ping_status":"closed","template":"elementor_header_footer","meta":{"footnotes":""},"class_list":["post-101","page","type-page","status-publish","hentry"],"yoast_head":"<!-- This site is optimized with the Yoast SEO plugin v27.2 - https:\/\/yoast.com\/product\/yoast-seo-wordpress\/ -->\n<title>Om mig - Feel For Life<\/title>\n<meta name=\"robots\" content=\"index, follow, max-snippet:-1, max-image-preview:large, max-video-preview:-1\" \/>\n<link rel=\"canonical\" href=\"https:\/\/nwmultiwp.se\/feelforlifenow\/om-mig\/\" \/>\n<meta property=\"og:locale\" content=\"sv_SE\" \/>\n<meta property=\"og:type\" content=\"article\" \/>\n<meta property=\"og:title\" content=\"Om mig - Feel For Life\" \/>\n<meta property=\"og:description\" content=\"OM MIG scroll-down-icon Min ber\u00e4ttelse Feel for Life b\u00f6rjade med min passion f\u00f6r att hj\u00e4lpa andra att hitta inre balans och v\u00e4lm\u00e5ende. Jag tror att varje individ b\u00e4r p\u00e5 en unik och v\u00e4rdefull ber\u00e4ttelse, och mitt m\u00e5l \u00e4r att skapa en trygg plats d\u00e4r personlig utveckling och h\u00e4lsa st\u00e5r i fokus. Fr\u00e5n de f\u00f6rsta stegen [&hellip;]\" \/>\n<meta property=\"og:url\" content=\"https:\/\/nwmultiwp.se\/feelforlifenow\/om-mig\/\" \/>\n<meta property=\"og:site_name\" content=\"Feel For Life\" \/>\n<meta property=\"article:modified_time\" content=\"2025-01-10T14:25:56+00:00\" \/>\n<meta property=\"og:image\" content=\"https:\/\/feelforlifenow.se\/wp-content\/uploads\/sites\/109\/2023\/10\/Skarmavbild-2023-10-17-kl.-14.27.32.jpg\" \/>\n<meta name=\"twitter:card\" content=\"summary_large_image\" \/>\n<meta name=\"twitter:label1\" content=\"Ber\u00e4knad l\u00e4stid\" \/>\n\t<meta name=\"twitter:data1\" content=\"3 minuter\" \/>\n<script type=\"application\/ld+json\" class=\"yoast-schema-graph\">{\"@context\":\"https:\/\/schema.org\",\"@graph\":[{\"@type\":\"WebPage\",\"@id\":\"https:\/\/nwmultiwp.se\/feelforlifenow\/om-mig\/\",\"url\":\"https:\/\/nwmultiwp.se\/feelforlifenow\/om-mig\/\",\"name\":\"Om mig - Feel For Life\",\"isPartOf\":{\"@id\":\"https:\/\/nwmultiwp.se\/feelforlifenow\/#website\"},\"primaryImageOfPage\":{\"@id\":\"https:\/\/nwmultiwp.se\/feelforlifenow\/om-mig\/#primaryimage\"},\"image\":{\"@id\":\"https:\/\/nwmultiwp.se\/feelforlifenow\/om-mig\/#primaryimage\"},\"thumbnailUrl\":\"https:\/\/feelforlifenow.se\/wp-content\/uploads\/sites\/109\/2023\/10\/Skarmavbild-2023-10-17-kl.-14.27.32.jpg\",\"datePublished\":\"2024-02-13T13:45:46+00:00\",\"dateModified\":\"2025-01-10T14:25:56+00:00\",\"breadcrumb\":{\"@id\":\"https:\/\/nwmultiwp.se\/feelforlifenow\/om-mig\/#breadcrumb\"},\"inLanguage\":\"sv-SE\",\"potentialAction\":[{\"@type\":\"ReadAction\",\"target\":[\"https:\/\/nwmultiwp.se\/feelforlifenow\/om-mig\/\"]}]},{\"@type\":\"ImageObject\",\"inLanguage\":\"sv-SE\",\"@id\":\"https:\/\/nwmultiwp.se\/feelforlifenow\/om-mig\/#primaryimage\",\"url\":\"https:\/\/feelforlifenow.se\/wp-content\/uploads\/sites\/109\/2023\/10\/Skarmavbild-2023-10-17-kl.-14.27.32.jpg\",\"contentUrl\":\"https:\/\/feelforlifenow.se\/wp-content\/uploads\/sites\/109\/2023\/10\/Skarmavbild-2023-10-17-kl.-14.27.32.jpg\"},{\"@type\":\"BreadcrumbList\",\"@id\":\"https:\/\/nwmultiwp.se\/feelforlifenow\/om-mig\/#breadcrumb\",\"itemListElement\":[{\"@type\":\"ListItem\",\"position\":1,\"name\":\"Hem\",\"item\":\"https:\/\/nwmultiwp.se\/feelforlifenow\/\"},{\"@type\":\"ListItem\",\"position\":2,\"name\":\"Om mig\"}]},{\"@type\":\"WebSite\",\"@id\":\"https:\/\/nwmultiwp.se\/feelforlifenow\/#website\",\"url\":\"https:\/\/nwmultiwp.se\/feelforlifenow\/\",\"name\":\"Feel For Life\",\"description\":\"Coaching, Healing, EFT-Tapping, Chakrabalansering, Djurkommunikation Eker\u00f6, Solna, Sundbyberg, Sollentuna, T\u00e4by, Danderyd, Liding\u00f6, Eskilstuna, V\u00e4ster\u00e5s, Str\u00e4ngn\u00e4s, Nyk\u00f6ping, Katrineholm\",\"publisher\":{\"@id\":\"https:\/\/nwmultiwp.se\/feelforlifenow\/#organization\"},\"potentialAction\":[{\"@type\":\"SearchAction\",\"target\":{\"@type\":\"EntryPoint\",\"urlTemplate\":\"https:\/\/nwmultiwp.se\/feelforlifenow\/?s={search_term_string}\"},\"query-input\":{\"@type\":\"PropertyValueSpecification\",\"valueRequired\":true,\"valueName\":\"search_term_string\"}}],\"inLanguage\":\"sv-SE\"},{\"@type\":\"Organization\",\"@id\":\"https:\/\/nwmultiwp.se\/feelforlifenow\/#organization\",\"name\":\"Feel For Life\",\"url\":\"https:\/\/nwmultiwp.se\/feelforlifenow\/\",\"logo\":{\"@type\":\"ImageObject\",\"inLanguage\":\"sv-SE\",\"@id\":\"https:\/\/nwmultiwp.se\/feelforlifenow\/#\/schema\/logo\/image\/\",\"url\":\"https:\/\/nwmultiwp.se\/feelforlifenow\/wp-content\/uploads\/sites\/109\/2023\/10\/Skarmavbild-2023-10-17-kl.-14.27.32.jpg\",\"contentUrl\":\"https:\/\/nwmultiwp.se\/feelforlifenow\/wp-content\/uploads\/sites\/109\/2023\/10\/Skarmavbild-2023-10-17-kl.-14.27.32.jpg\",\"width\":527,\"height\":527,\"caption\":\"Feel For Life\"},\"image\":{\"@id\":\"https:\/\/nwmultiwp.se\/feelforlifenow\/#\/schema\/logo\/image\/\"}}]}<\/script>\n<!-- \/ Yoast SEO plugin. -->","yoast_head_json":{"title":"Om mig - Feel For Life","robots":{"index":"index","follow":"follow","max-snippet":"max-snippet:-1","max-image-preview":"max-image-preview:large","max-video-preview":"max-video-preview:-1"},"canonical":"https:\/\/nwmultiwp.se\/feelforlifenow\/om-mig\/","og_locale":"sv_SE","og_type":"article","og_title":"Om mig - Feel For Life","og_description":"OM MIG scroll-down-icon Min ber\u00e4ttelse Feel for Life b\u00f6rjade med min passion f\u00f6r att hj\u00e4lpa andra att hitta inre balans och v\u00e4lm\u00e5ende. Jag tror att varje individ b\u00e4r p\u00e5 en unik och v\u00e4rdefull ber\u00e4ttelse, och mitt m\u00e5l \u00e4r att skapa en trygg plats d\u00e4r personlig utveckling och h\u00e4lsa st\u00e5r i fokus. Fr\u00e5n de f\u00f6rsta stegen [&hellip;]","og_url":"https:\/\/nwmultiwp.se\/feelforlifenow\/om-mig\/","og_site_name":"Feel For Life","article_modified_time":"2025-01-10T14:25:56+00:00","og_image":[{"url":"https:\/\/feelforlifenow.se\/wp-content\/uploads\/sites\/109\/2023\/10\/Skarmavbild-2023-10-17-kl.-14.27.32.jpg","type":"","width":"","height":""}],"twitter_card":"summary_large_image","twitter_misc":{"Ber\u00e4knad l\u00e4stid":"3 minuter"},"schema":{"@context":"https:\/\/schema.org","@graph":[{"@type":"WebPage","@id":"https:\/\/nwmultiwp.se\/feelforlifenow\/om-mig\/","url":"https:\/\/nwmultiwp.se\/feelforlifenow\/om-mig\/","name":"Om mig - Feel For Life","isPartOf":{"@id":"https:\/\/nwmultiwp.se\/feelforlifenow\/#website"},"primaryImageOfPage":{"@id":"https:\/\/nwmultiwp.se\/feelforlifenow\/om-mig\/#primaryimage"},"image":{"@id":"https:\/\/nwmultiwp.se\/feelforlifenow\/om-mig\/#primaryimage"},"thumbnailUrl":"https:\/\/feelforlifenow.se\/wp-content\/uploads\/sites\/109\/2023\/10\/Skarmavbild-2023-10-17-kl.-14.27.32.jpg","datePublished":"2024-02-13T13:45:46+00:00","dateModified":"2025-01-10T14:25:56+00:00","breadcrumb":{"@id":"https:\/\/nwmultiwp.se\/feelforlifenow\/om-mig\/#breadcrumb"},"inLanguage":"sv-SE","potentialAction":[{"@type":"ReadAction","target":["https:\/\/nwmultiwp.se\/feelforlifenow\/om-mig\/"]}]},{"@type":"ImageObject","inLanguage":"sv-SE","@id":"https:\/\/nwmultiwp.se\/feelforlifenow\/om-mig\/#primaryimage","url":"https:\/\/feelforlifenow.se\/wp-content\/uploads\/sites\/109\/2023\/10\/Skarmavbild-2023-10-17-kl.-14.27.32.jpg","contentUrl":"https:\/\/feelforlifenow.se\/wp-content\/uploads\/sites\/109\/2023\/10\/Skarmavbild-2023-10-17-kl.-14.27.32.jpg"},{"@type":"BreadcrumbList","@id":"https:\/\/nwmultiwp.se\/feelforlifenow\/om-mig\/#breadcrumb","itemListElement":[{"@type":"ListItem","position":1,"name":"Hem","item":"https:\/\/nwmultiwp.se\/feelforlifenow\/"},{"@type":"ListItem","position":2,"name":"Om mig"}]},{"@type":"WebSite","@id":"https:\/\/nwmultiwp.se\/feelforlifenow\/#website","url":"https:\/\/nwmultiwp.se\/feelforlifenow\/","name":"Feel For Life","description":"Coaching, Healing, EFT-Tapping, Chakrabalansering, Djurkommunikation Eker\u00f6, Solna, Sundbyberg, Sollentuna, T\u00e4by, Danderyd, Liding\u00f6, Eskilstuna, V\u00e4ster\u00e5s, Str\u00e4ngn\u00e4s, Nyk\u00f6ping, Katrineholm","publisher":{"@id":"https:\/\/nwmultiwp.se\/feelforlifenow\/#organization"},"potentialAction":[{"@type":"SearchAction","target":{"@type":"EntryPoint","urlTemplate":"https:\/\/nwmultiwp.se\/feelforlifenow\/?s={search_term_string}"},"query-input":{"@type":"PropertyValueSpecification","valueRequired":true,"valueName":"search_term_string"}}],"inLanguage":"sv-SE"},{"@type":"Organization","@id":"https:\/\/nwmultiwp.se\/feelforlifenow\/#organization","name":"Feel For Life","url":"https:\/\/nwmultiwp.se\/feelforlifenow\/","logo":{"@type":"ImageObject","inLanguage":"sv-SE","@id":"https:\/\/nwmultiwp.se\/feelforlifenow\/#\/schema\/logo\/image\/","url":"https:\/\/nwmultiwp.se\/feelforlifenow\/wp-content\/uploads\/sites\/109\/2023\/10\/Skarmavbild-2023-10-17-kl.-14.27.32.jpg","contentUrl":"https:\/\/nwmultiwp.se\/feelforlifenow\/wp-content\/uploads\/sites\/109\/2023\/10\/Skarmavbild-2023-10-17-kl.-14.27.32.jpg","width":527,"height":527,"caption":"Feel For Life"},"image":{"@id":"https:\/\/nwmultiwp.se\/feelforlifenow\/#\/schema\/logo\/image\/"}}]}},"_links":{"self":[{"href":"https:\/\/nwmultiwp.se\/feelforlifenow\/wp-json\/wp\/v2\/pages\/101","targetHints":{"allow":["GET"]}}],"collection":[{"href":"https:\/\/nwmultiwp.se\/feelforlifenow\/wp-json\/wp\/v2\/pages"}],"about":[{"href":"https:\/\/nwmultiwp.se\/feelforlifenow\/wp-json\/wp\/v2\/types\/page"}],"author":[{"embeddable":true,"href":"https:\/\/nwmultiwp.se\/feelforlifenow\/wp-json\/wp\/v2\/users\/1"}],"replies":[{"embeddable":true,"href":"https:\/\/nwmultiwp.se\/feelforlifenow\/wp-json\/wp\/v2\/comments?post=101"}],"version-history":[{"count":24,"href":"https:\/\/nwmultiwp.se\/feelforlifenow\/wp-json\/wp\/v2\/pages\/101\/revisions"}],"predecessor-version":[{"id":254,"href":"https:\/\/nwmultiwp.se\/feelforlifenow\/wp-json\/wp\/v2\/pages\/101\/revisions\/254"}],"wp:attachment":[{"href":"https:\/\/nwmultiwp.se\/feelforlifenow\/wp-json\/wp\/v2\/media?parent=101"}],"curies":[{"name":"wp","href":"https:\/\/api.w.org\/{rel}","templated":true}]}}